{"id":3138,"date":"2024-05-16T14:22:44","date_gmt":"2024-05-16T12:22:44","guid":{"rendered":"http:\/\/vaianino.local\/?page_id=3138"},"modified":"2026-02-12T10:10:34","modified_gmt":"2026-02-12T09:10:34","slug":"esperienze","status":"publish","type":"page","link":"https:\/\/www.agriturismovaianino.it\/en\/experiences","title":{"rendered":"Experiences"},"content":{"rendered":"<div data-elementor-type=\"wp-page\" data-elementor-id=\"3138\" class=\"elementor elementor-3138\">\n\t\t\t\t<div class=\"elementor-element elementor-element-30ce0be3 e-flex e-con-boxed e-con e-parent\" data-id=\"30ce0be3\" data-element_type=\"container\" data-settings=\"{&quot;tmea_shape_divider_top&quot;:&quot;none&quot;,&quot;tmea_shape_divider_bottom&quot;:&quot;none&quot;}\">\n\t\t\t\t\t<div class=\"e-con-inner\">\n\t\t\n\t\t<div class=\"elementor-element elementor-element-55fca03b elementor-widget elementor-widget-custom_heading\" data-id=\"55fca03b\" data-element_type=\"widget\" data-widget_type=\"custom_heading.default\">\n\t\t\t\t<div class=\"elementor-widget-container\">\n\t\t\t\t\t\n\t\t<h1 class=\"font-serif text-3xl lg:text-6xl\">\n\t\t\tRecreational experiences and activities\t\t<\/h1>\n\t\t\t\t<\/div>\n\t\t\t\t<\/div>\n\t\t\t\t<div class=\"elementor-element elementor-element-70345af elementor-widget elementor-widget-text-editor\" data-id=\"70345af\" data-element_type=\"widget\" data-widget_type=\"text-editor.default\">\n\t\t\t\t<div class=\"elementor-widget-container\">\n\t\t\t\t\t\t\t\t\t<p align=\"justify\"> Thanks to some realities close to the farm, the offer of activities to do on holiday is varied. Choose the one you prefer, contact the operators and book for your next thrill.<\/p>\t\t\t\t\t\t\t\t<\/div>\n\t\t\t\t<\/div>\n\t\t\t\t<div class=\"elementor-element elementor-element-7817ea3 elementor-position-right elementor-vertical-align-middle custom-box-content elementor-widget elementor-widget-image-box\" data-id=\"7817ea3\" data-element_type=\"widget\" data-widget_type=\"image-box.default\">\n\t\t\t\t<div class=\"elementor-widget-container\">\n\t\t\t\t\t<div class=\"elementor-image-box-wrapper\"><figure class=\"elementor-image-box-img\"><img fetchpriority=\"high\" decoding=\"async\" width=\"1200\" height=\"800\" src=\"https:\/\/www.agriturismovaianino.it\/app\/uploads\/2024\/05\/famiglia-ebike-colline.jpeg\" class=\"attachment-full size-full wp-image-3134\" alt=\"\" srcset=\"https:\/\/www.agriturismovaianino.it\/app\/uploads\/2024\/05\/famiglia-ebike-colline.jpeg 1200w, https:\/\/www.agriturismovaianino.it\/app\/uploads\/2024\/05\/famiglia-ebike-colline-300x200.jpeg 300w, https:\/\/www.agriturismovaianino.it\/app\/uploads\/2024\/05\/famiglia-ebike-colline-1024x683.jpeg 1024w, https:\/\/www.agriturismovaianino.it\/app\/uploads\/2024\/05\/famiglia-ebike-colline-768x512.jpeg 768w, https:\/\/www.agriturismovaianino.it\/app\/uploads\/2024\/05\/famiglia-ebike-colline-18x12.jpeg 18w, https:\/\/www.agriturismovaianino.it\/app\/uploads\/2024\/05\/famiglia-ebike-colline-1080x720.jpeg 1080w\" sizes=\"(max-width: 1200px) 100vw, 1200px\" \/><\/figure><div class=\"elementor-image-box-content\"><h2 class=\"elementor-image-box-title\">Mountain bike and e-bike for adults and children<\/h2><p class=\"elementor-image-box-description\">Experience the beauty of Tuscany to the fullest on two wheels. Trust in <b>Biking Tuscany Tour<\/b> by Pieri Fabrizio in Peccioli, Fonte Mazzola Amphitheater area: in addition to the rental service, it offers tours of Tuscany and the &quot;Bike Rescue Van&quot; service on call for assistance in any emergency (by sending your position from your smartphone with the WhatsApp function &quot; location\u201d, the customer will be found quickly for a rescue service). For information: <a href=\"mailto:info@bikingtuscanytour.com\">info@bikingtuscanytour.com<\/a><\/p><\/div><\/div>\t\t\t\t<\/div>\n\t\t\t\t<\/div>\n\t\t\t\t<div class=\"elementor-element elementor-element-d702b20 elementor-widget elementor-widget-spacer\" data-id=\"d702b20\" data-element_type=\"widget\" data-widget_type=\"spacer.default\">\n\t\t\t\t<div class=\"elementor-widget-container\">\n\t\t\t\t\t\t\t<div class=\"elementor-spacer\">\n\t\t\t<div class=\"elementor-spacer-inner\"><\/div>\n\t\t<\/div>\n\t\t\t\t\t\t<\/div>\n\t\t\t\t<\/div>\n\t\t\t\t<div class=\"elementor-element elementor-element-260c3e7 elementor-position-left elementor-vertical-align-middle custom-box-content elementor-widget elementor-widget-image-box\" data-id=\"260c3e7\" data-element_type=\"widget\" data-widget_type=\"image-box.default\">\n\t\t\t\t<div class=\"elementor-widget-container\">\n\t\t\t\t\t<div class=\"elementor-image-box-wrapper\"><figure class=\"elementor-image-box-img\"><img decoding=\"async\" width=\"960\" height=\"538\" src=\"https:\/\/www.agriturismovaianino.it\/app\/uploads\/2026\/02\/maneggio-cavalli-horseback-riding.jpg\" class=\"attachment-full size-full wp-image-4253\" alt=\"Horseback riding\" srcset=\"https:\/\/www.agriturismovaianino.it\/app\/uploads\/2026\/02\/maneggio-cavalli-horseback-riding.jpg 960w, https:\/\/www.agriturismovaianino.it\/app\/uploads\/2026\/02\/maneggio-cavalli-horseback-riding-300x168.jpg 300w, https:\/\/www.agriturismovaianino.it\/app\/uploads\/2026\/02\/maneggio-cavalli-horseback-riding-768x430.jpg 768w, https:\/\/www.agriturismovaianino.it\/app\/uploads\/2026\/02\/maneggio-cavalli-horseback-riding-18x10.jpg 18w\" sizes=\"(max-width: 960px) 100vw, 960px\" \/><\/figure><div class=\"elementor-image-box-content\"><h2 class=\"elementor-image-box-title\">Horseback riding in nature<\/h2><p class=\"elementor-image-box-description\"><b>Experience authentic Tuscany on horseback at &quot;IL GELSOMINO RANCH&quot; in Montaione.<\/b> The Riding School and Riding School was born from Emanuele Rossi&#039;s passion and many years of experience and is the go-to place for those seeking an authentic and exciting equestrian experience. They offer more than just lessons, but true sensory journeys. Their treks and walks for adults will take you across cool streams, through sunflower fields and endless meadows, and explore the most secret paths of the forest. For information: <a href=\"mailto:ilgelsominoranch@libero.it\">ilgelsominoranch@libero.it<\/a><\/p><\/div><\/div>\t\t\t\t<\/div>\n\t\t\t\t<\/div>\n\t\t\t\t<div class=\"elementor-element elementor-element-51b0345 elementor-widget elementor-widget-spacer\" data-id=\"51b0345\" data-element_type=\"widget\" data-widget_type=\"spacer.default\">\n\t\t\t\t<div class=\"elementor-widget-container\">\n\t\t\t\t\t\t\t<div class=\"elementor-spacer\">\n\t\t\t<div class=\"elementor-spacer-inner\"><\/div>\n\t\t<\/div>\n\t\t\t\t\t\t<\/div>\n\t\t\t\t<\/div>\n\t\t\t\t<div class=\"elementor-element elementor-element-2c1526f elementor-position-right elementor-vertical-align-middle custom-box-content elementor-widget elementor-widget-image-box\" data-id=\"2c1526f\" data-element_type=\"widget\" data-widget_type=\"image-box.default\">\n\t\t\t\t<div class=\"elementor-widget-container\">\n\t\t\t\t\t<div class=\"elementor-image-box-wrapper\"><figure class=\"elementor-image-box-img\"><img decoding=\"async\" width=\"1024\" height=\"606\" src=\"https:\/\/www.agriturismovaianino.it\/app\/uploads\/2024\/05\/terme-via-francigena-gambassi.png\" class=\"attachment-full size-full wp-image-3141\" alt=\"\" srcset=\"https:\/\/www.agriturismovaianino.it\/app\/uploads\/2024\/05\/terme-via-francigena-gambassi.png 1024w, https:\/\/www.agriturismovaianino.it\/app\/uploads\/2024\/05\/terme-via-francigena-gambassi-300x178.png 300w, https:\/\/www.agriturismovaianino.it\/app\/uploads\/2024\/05\/terme-via-francigena-gambassi-768x455.png 768w, https:\/\/www.agriturismovaianino.it\/app\/uploads\/2024\/05\/terme-via-francigena-gambassi-18x12.png 18w\" sizes=\"(max-width: 1024px) 100vw, 1024px\" \/><\/figure><div class=\"elementor-image-box-content\"><h2 class=\"elementor-image-box-title\">Relaxation and well-being at the spa<\/h2><p class=\"elementor-image-box-description\">Ancient land, inhabited by the Etruscans and Romans, Gambassi Terme was a rest stop for travelers and pilgrims traveling along the Via Francigena in the Middle Ages. It is in this fascinating context that the spa and wellness center are located <b>Spa of the Via Francigena<\/b>. The wellness centre, renovated in 2023, offers its guests a wide range of thermal, therapeutic and aesthetic services that exploit the active ingredients of Acqua Salsa di Pillo, associated with disciplines based on natural remedies. For information: <a href=\"mailto:info@termeviafrancigena.it\">info@termeviafrancigena.it<\/a> And <a href=\"https:\/\/www.termedigambassi.com\" target=\"_blank\">termedigambassi.com<\/a> <\/p><\/div><\/div>\t\t\t\t<\/div>\n\t\t\t\t<\/div>\n\t\t\t\t<div class=\"elementor-element elementor-element-f668d8a elementor-widget elementor-widget-spacer\" data-id=\"f668d8a\" data-element_type=\"widget\" data-widget_type=\"spacer.default\">\n\t\t\t\t<div class=\"elementor-widget-container\">\n\t\t\t\t\t\t\t<div class=\"elementor-spacer\">\n\t\t\t<div class=\"elementor-spacer-inner\"><\/div>\n\t\t<\/div>\n\t\t\t\t\t\t<\/div>\n\t\t\t\t<\/div>\n\t\t\t\t<div class=\"elementor-element elementor-element-8fecfef elementor-position-left elementor-vertical-align-middle custom-box-content elementor-widget elementor-widget-image-box\" data-id=\"8fecfef\" data-element_type=\"widget\" data-widget_type=\"image-box.default\">\n\t\t\t\t<div class=\"elementor-widget-container\">\n\t\t\t\t\t<div class=\"elementor-image-box-wrapper\"><figure class=\"elementor-image-box-img\"><img loading=\"lazy\" decoding=\"async\" width=\"1024\" height=\"606\" src=\"https:\/\/www.agriturismovaianino.it\/app\/uploads\/2024\/05\/domenico-attanasio-tartufi-esperienza.jpg\" class=\"attachment-full size-full wp-image-3347\" alt=\"\" srcset=\"https:\/\/www.agriturismovaianino.it\/app\/uploads\/2024\/05\/domenico-attanasio-tartufi-esperienza.jpg 1024w, https:\/\/www.agriturismovaianino.it\/app\/uploads\/2024\/05\/domenico-attanasio-tartufi-esperienza-300x178.jpg 300w, https:\/\/www.agriturismovaianino.it\/app\/uploads\/2024\/05\/domenico-attanasio-tartufi-esperienza-768x455.jpg 768w, https:\/\/www.agriturismovaianino.it\/app\/uploads\/2024\/05\/domenico-attanasio-tartufi-esperienza-18x12.jpg 18w\" sizes=\"(max-width: 1024px) 100vw, 1024px\" \/><\/figure><div class=\"elementor-image-box-content\"><h2 class=\"elementor-image-box-title\">Searching for truffles<\/h2><p class=\"elementor-image-box-description\"><b>Domenico Attanasio<\/b> has been a passionate truffle hunter for over 20 years and will introduce you to the fascinating world of truffle hunting and collection in the woods of the hills of San Gimignano. The meeting is scheduled for 9:30 in the parking lot of the Coop in San Gimignano and from there with your own cars you will reach the nearby woods; after a brief introduction on truffles, truffle dogs and their training, the search experience will begin. After about two hours, at the end of the experience, the truffles found will be given to the participants. For information: <a href=\"mailto:sgtruffleexperience@gmail.com\">sgtruffleexperience@gmail.com<\/a><\/p><\/div><\/div>\t\t\t\t<\/div>\n\t\t\t\t<\/div>\n\t\t\t\t<div class=\"elementor-element elementor-element-678f8ef elementor-widget elementor-widget-spacer\" data-id=\"678f8ef\" data-element_type=\"widget\" data-widget_type=\"spacer.default\">\n\t\t\t\t<div class=\"elementor-widget-container\">\n\t\t\t\t\t\t\t<div class=\"elementor-spacer\">\n\t\t\t<div class=\"elementor-spacer-inner\"><\/div>\n\t\t<\/div>\n\t\t\t\t\t\t<\/div>\n\t\t\t\t<\/div>\n\t\t\t\t<div class=\"elementor-element elementor-element-b3e8ae4 elementor-widget elementor-widget-custom_button\" data-id=\"b3e8ae4\" data-element_type=\"widget\" data-widget_type=\"custom_button.default\">\n\t\t\t\t<div class=\"elementor-widget-container\">\n\t\t\t\t\t\n\t\t<a href=\"https:\/\/www.agriturismovaianino.it\/attivita\/\" class=\"btn btn-lavanda inline-flex\">\n\t\t\tback to farm activities\t\t<\/a>\n\t\t\t\t<\/div>\n\t\t\t\t<\/div>\n\t\t\t\t\t<\/div>\n\t\t\t\t<\/div>\n\t\t\t\t<\/div>","protected":false},"excerpt":{"rendered":"<p>Esperienze e attivit\u00e0 ricreative Grazie ad alcune realt\u00e0 vicine all&#8217;agriturismo, l&#8217;offerta per attivit\u00e0 da fare in vacanza \u00e8 varia. Scegli quella che preferisci, contatta gli operatori e prenota per la tua prossima emozione. Mountain bike e in e-bike per adulti e bambini Assapora al massimo la bellezza della Toscana su due ruote. Affidati a Biking &hellip; <a href=\"https:\/\/www.agriturismovaianino.it\/en\/experiences\">Continued<\/a><\/p>","protected":false},"author":3,"featured_media":2566,"parent":0,"menu_order":0,"comment_status":"closed","ping_status":"closed","template":"template-spectra-canvas.blade.php","meta":{"_acf_changed":false,"footnotes":""},"acf":[],"yoast_head":"<!-- This site is optimized with the Yoast SEO plugin v22.9 - https:\/\/yoast.com\/wordpress\/plugins\/seo\/ -->\n<title>Esperienze - Agriturismo Vaianino<\/title>\n<meta name=\"robots\" content=\"index, follow, max-snippet:-1, max-image-preview:large, max-video-preview:-1\" \/>\n<link rel=\"canonical\" href=\"https:\/\/www.agriturismovaianino.it\/en\/experiences\/\" \/>\n<meta property=\"og:locale\" content=\"en_GB\" \/>\n<meta property=\"og:type\" content=\"article\" \/>\n<meta property=\"og:title\" content=\"Esperienze al Vaianino e dintorni\" \/>\n<meta property=\"og:description\" content=\"Esperienze e attivit\u00e0 ricreative \u00b7 Mountain bike e in e-bike per adulti e bambini \u00b7 A cavallo nella natura \u00b7 Relax e benessere alle terme \u00b7 Ricerca di tartufi. Grazie ad alcune realt\u00e0 vicine all\u2019agriturismo, l\u2019offerta per attivit\u00e0 da fare in vacanza \u00e8 varia. Scegli quella che preferisci, contatta gli operatori e prenota per la tua prossima emozione.\" \/>\n<meta property=\"og:url\" content=\"https:\/\/www.agriturismovaianino.it\/en\/experiences\/\" \/>\n<meta property=\"og:site_name\" content=\"Agriturismo Vaianino\" \/>\n<meta property=\"article:publisher\" content=\"https:\/\/www.facebook.com\/VaianinoAgriturismo\/\" \/>\n<meta property=\"article:modified_time\" content=\"2026-02-12T09:10:34+00:00\" \/>\n<meta property=\"og:image\" content=\"https:\/\/www.agriturismovaianino.it\/app\/uploads\/2026\/02\/esperienze-vaianino.png\" \/>\n\t<meta property=\"og:image:width\" content=\"1024\" \/>\n\t<meta property=\"og:image:height\" content=\"606\" \/>\n\t<meta property=\"og:image:type\" content=\"image\/png\" \/>\n<meta name=\"twitter:card\" content=\"summary_large_image\" \/>\n<meta name=\"twitter:label1\" content=\"Est. reading time\" \/>\n\t<meta name=\"twitter:data1\" content=\"3 minutes\" \/>\n<script type=\"application\/ld+json\" class=\"yoast-schema-graph\">{\"@context\":\"https:\/\/schema.org\",\"@graph\":[{\"@type\":\"WebPage\",\"@id\":\"https:\/\/www.agriturismovaianino.it\/esperienze\",\"url\":\"https:\/\/www.agriturismovaianino.it\/esperienze\",\"name\":\"Esperienze - Agriturismo Vaianino\",\"isPartOf\":{\"@id\":\"https:\/\/www.agriturismovaianino.it\/#website\"},\"primaryImageOfPage\":{\"@id\":\"https:\/\/www.agriturismovaianino.it\/esperienze#primaryimage\"},\"image\":{\"@id\":\"https:\/\/www.agriturismovaianino.it\/esperienze#primaryimage\"},\"thumbnailUrl\":\"https:\/\/www.agriturismovaianino.it\/app\/uploads\/2024\/04\/20170504_081557-scaled.jpg\",\"datePublished\":\"2024-05-16T12:22:44+00:00\",\"dateModified\":\"2026-02-12T09:10:34+00:00\",\"breadcrumb\":{\"@id\":\"https:\/\/www.agriturismovaianino.it\/esperienze#breadcrumb\"},\"inLanguage\":\"en-GB\",\"potentialAction\":[{\"@type\":\"ReadAction\",\"target\":[\"https:\/\/www.agriturismovaianino.it\/esperienze\"]}]},{\"@type\":\"ImageObject\",\"inLanguage\":\"en-GB\",\"@id\":\"https:\/\/www.agriturismovaianino.it\/esperienze#primaryimage\",\"url\":\"https:\/\/www.agriturismovaianino.it\/app\/uploads\/2024\/04\/20170504_081557-scaled.jpg\",\"contentUrl\":\"https:\/\/www.agriturismovaianino.it\/app\/uploads\/2024\/04\/20170504_081557-scaled.jpg\",\"width\":2560,\"height\":1440},{\"@type\":\"BreadcrumbList\",\"@id\":\"https:\/\/www.agriturismovaianino.it\/esperienze#breadcrumb\",\"itemListElement\":[{\"@type\":\"ListItem\",\"position\":1,\"name\":\"Home\",\"item\":\"https:\/\/www.agriturismovaianino.it\/en\/\"},{\"@type\":\"ListItem\",\"position\":2,\"name\":\"Esperienze\"}]},{\"@type\":\"WebSite\",\"@id\":\"https:\/\/www.agriturismovaianino.it\/#website\",\"url\":\"https:\/\/www.agriturismovaianino.it\/\",\"name\":\"agriturismovaianino.it\",\"description\":\"\",\"publisher\":{\"@id\":\"https:\/\/www.agriturismovaianino.it\/#organization\"},\"potentialAction\":[{\"@type\":\"SearchAction\",\"target\":{\"@type\":\"EntryPoint\",\"urlTemplate\":\"https:\/\/www.agriturismovaianino.it\/?s={search_term_string}\"},\"query-input\":\"required name=search_term_string\"}],\"inLanguage\":\"en-GB\"},{\"@type\":\"Organization\",\"@id\":\"https:\/\/www.agriturismovaianino.it\/#organization\",\"name\":\"Agriturismo Vaianino\",\"url\":\"https:\/\/www.agriturismovaianino.it\/\",\"logo\":{\"@type\":\"ImageObject\",\"inLanguage\":\"en-GB\",\"@id\":\"https:\/\/www.agriturismovaianino.it\/#\/schema\/logo\/image\/\",\"url\":\"https:\/\/www.agriturismovaianino.it\/app\/uploads\/2024\/06\/maskable_icon.png\",\"contentUrl\":\"https:\/\/www.agriturismovaianino.it\/app\/uploads\/2024\/06\/maskable_icon.png\",\"width\":1024,\"height\":1024,\"caption\":\"Agriturismo Vaianino\"},\"image\":{\"@id\":\"https:\/\/www.agriturismovaianino.it\/#\/schema\/logo\/image\/\"},\"sameAs\":[\"https:\/\/www.facebook.com\/VaianinoAgriturismo\/\",\"https:\/\/www.instagram.com\/vaianino\"]}]}<\/script>\n<!-- \/ Yoast SEO plugin. -->","yoast_head_json":{"title":"Esperienze - Agriturismo Vaianino","robots":{"index":"index","follow":"follow","max-snippet":"max-snippet:-1","max-image-preview":"max-image-preview:large","max-video-preview":"max-video-preview:-1"},"canonical":"https:\/\/www.agriturismovaianino.it\/en\/experiences\/","og_locale":"en_GB","og_type":"article","og_title":"Esperienze al Vaianino e dintorni","og_description":"Esperienze e attivit\u00e0 ricreative \u00b7 Mountain bike e in e-bike per adulti e bambini \u00b7 A cavallo nella natura \u00b7 Relax e benessere alle terme \u00b7 Ricerca di tartufi. Grazie ad alcune realt\u00e0 vicine all\u2019agriturismo, l\u2019offerta per attivit\u00e0 da fare in vacanza \u00e8 varia. Scegli quella che preferisci, contatta gli operatori e prenota per la tua prossima emozione.","og_url":"https:\/\/www.agriturismovaianino.it\/en\/experiences\/","og_site_name":"Agriturismo Vaianino","article_publisher":"https:\/\/www.facebook.com\/VaianinoAgriturismo\/","article_modified_time":"2026-02-12T09:10:34+00:00","og_image":[{"width":1024,"height":606,"url":"https:\/\/www.agriturismovaianino.it\/app\/uploads\/2026\/02\/esperienze-vaianino.png","type":"image\/png"}],"twitter_card":"summary_large_image","twitter_misc":{"Est. reading time":"3 minutes"},"schema":{"@context":"https:\/\/schema.org","@graph":[{"@type":"WebPage","@id":"https:\/\/www.agriturismovaianino.it\/esperienze","url":"https:\/\/www.agriturismovaianino.it\/esperienze","name":"Esperienze - Agriturismo Vaianino","isPartOf":{"@id":"https:\/\/www.agriturismovaianino.it\/#website"},"primaryImageOfPage":{"@id":"https:\/\/www.agriturismovaianino.it\/esperienze#primaryimage"},"image":{"@id":"https:\/\/www.agriturismovaianino.it\/esperienze#primaryimage"},"thumbnailUrl":"https:\/\/www.agriturismovaianino.it\/app\/uploads\/2024\/04\/20170504_081557-scaled.jpg","datePublished":"2024-05-16T12:22:44+00:00","dateModified":"2026-02-12T09:10:34+00:00","breadcrumb":{"@id":"https:\/\/www.agriturismovaianino.it\/esperienze#breadcrumb"},"inLanguage":"en-GB","potentialAction":[{"@type":"ReadAction","target":["https:\/\/www.agriturismovaianino.it\/esperienze"]}]},{"@type":"ImageObject","inLanguage":"en-GB","@id":"https:\/\/www.agriturismovaianino.it\/esperienze#primaryimage","url":"https:\/\/www.agriturismovaianino.it\/app\/uploads\/2024\/04\/20170504_081557-scaled.jpg","contentUrl":"https:\/\/www.agriturismovaianino.it\/app\/uploads\/2024\/04\/20170504_081557-scaled.jpg","width":2560,"height":1440},{"@type":"BreadcrumbList","@id":"https:\/\/www.agriturismovaianino.it\/esperienze#breadcrumb","itemListElement":[{"@type":"ListItem","position":1,"name":"Home","item":"https:\/\/www.agriturismovaianino.it\/en\/"},{"@type":"ListItem","position":2,"name":"Esperienze"}]},{"@type":"WebSite","@id":"https:\/\/www.agriturismovaianino.it\/#website","url":"https:\/\/www.agriturismovaianino.it\/","name":"agriturismovaianino.it","description":"","publisher":{"@id":"https:\/\/www.agriturismovaianino.it\/#organization"},"potentialAction":[{"@type":"SearchAction","target":{"@type":"EntryPoint","urlTemplate":"https:\/\/www.agriturismovaianino.it\/?s={search_term_string}"},"query-input":"required name=search_term_string"}],"inLanguage":"en-GB"},{"@type":"Organization","@id":"https:\/\/www.agriturismovaianino.it\/#organization","name":"Agriturismo Vaianino","url":"https:\/\/www.agriturismovaianino.it\/","logo":{"@type":"ImageObject","inLanguage":"en-GB","@id":"https:\/\/www.agriturismovaianino.it\/#\/schema\/logo\/image\/","url":"https:\/\/www.agriturismovaianino.it\/app\/uploads\/2024\/06\/maskable_icon.png","contentUrl":"https:\/\/www.agriturismovaianino.it\/app\/uploads\/2024\/06\/maskable_icon.png","width":1024,"height":1024,"caption":"Agriturismo Vaianino"},"image":{"@id":"https:\/\/www.agriturismovaianino.it\/#\/schema\/logo\/image\/"},"sameAs":["https:\/\/www.facebook.com\/VaianinoAgriturismo\/","https:\/\/www.instagram.com\/vaianino"]}]}},"_links":{"self":[{"href":"https:\/\/www.agriturismovaianino.it\/en\/wp-json\/wp\/v2\/pages\/3138"}],"collection":[{"href":"https:\/\/www.agriturismovaianino.it\/en\/wp-json\/wp\/v2\/pages"}],"about":[{"href":"https:\/\/www.agriturismovaianino.it\/en\/wp-json\/wp\/v2\/types\/page"}],"author":[{"embeddable":true,"href":"https:\/\/www.agriturismovaianino.it\/en\/wp-json\/wp\/v2\/users\/3"}],"replies":[{"embeddable":true,"href":"https:\/\/www.agriturismovaianino.it\/en\/wp-json\/wp\/v2\/comments?post=3138"}],"version-history":[{"count":9,"href":"https:\/\/www.agriturismovaianino.it\/en\/wp-json\/wp\/v2\/pages\/3138\/revisions"}],"predecessor-version":[{"id":4260,"href":"https:\/\/www.agriturismovaianino.it\/en\/wp-json\/wp\/v2\/pages\/3138\/revisions\/4260"}],"wp:featuredmedia":[{"embeddable":true,"href":"https:\/\/www.agriturismovaianino.it\/en\/wp-json\/wp\/v2\/media\/2566"}],"wp:attachment":[{"href":"https:\/\/www.agriturismovaianino.it\/en\/wp-json\/wp\/v2\/media?parent=3138"}],"curies":[{"name":"wp","href":"https:\/\/api.w.org\/{rel}","templated":true}]}}